{"id":2174,"date":"2013-01-22T19:16:54","date_gmt":"2013-01-22T19:16:54","guid":{"rendered":"http:\/\/www.inyeccionplasticos.es\/calidad-2\/"},"modified":"2021-05-04T10:55:53","modified_gmt":"2021-05-04T10:55:53","slug":"quality","status":"publish","type":"page","link":"https:\/\/www.lmplastics.eu\/en\/quality\/","title":{"rendered":"Quality"},"content":{"rendered":"<div class=\"row-fluid\">\n\t<div class=\"wpb_gallery wpb_content_element span4\">\n\t\t<div class=\"wpb_wrapper\"><div class=\"wpb_gallery_slides wpb_flexslider flexslider_fade flexslider\" data-interval=\"3\" data-flex_fx=\"fade\"><ul class=\"slides\"><li><div class=\"portfolio_item\"><div class=\"view view-first nolink\">\r\n\t\t\t\t\t<div class=\"mask\">\r\n\t\t\t\t\t\t<a style=\" margin-top:-20px;\" href=\"https:\/\/www.lmplastics.eu\/wp-content\/uploads\/2013\/05\/lm51_mini-682x1024.jpg\" rel=\"prettyPhoto[rel-1584535735]\"  class=\"info\"><\/a>\r\n\t\t\t\t\t<\/div><img width=\"682\" height=\"1024\" src=\"https:\/\/www.lmplastics.eu\/wp-content\/uploads\/2013\/05\/lm51_mini-682x1024.jpg\" class=\"attachment-large size-large\" alt=\"\" decoding=\"async\" loading=\"lazy\" srcset=\"https:\/\/www.lmplastics.eu\/wp-content\/uploads\/2013\/05\/lm51_mini-682x1024.jpg 682w, https:\/\/www.lmplastics.eu\/wp-content\/uploads\/2013\/05\/lm51_mini-200x300.jpg 200w, https:\/\/www.lmplastics.eu\/wp-content\/uploads\/2013\/05\/lm51_mini.jpg 800w\" sizes=\"(max-width: 682px) 100vw, 682px\" \/><\/div><\/div><\/li><\/ul><\/div>\n\t\t<\/div> \n\t<\/div>  \n\t<div class=\"wpb_content_element span8 column_container\">\n\t\t<div class=\"wpb_wrapper\">\n\t\t\t <div class=\"row-fluid\">\n\t<div class=\"wpb_content_element span12 wpb_text_column\">\n\t\t<div class=\"wpb_wrapper\">\n\t\t\t\n<div style=\"background-color: #f1f1f1; padding: 20px;\">\n<h4 style=\"text-align: justify;\">Our constant priority in PLASTIC INJECTION\u00a0<a style=\"font-size: 1em;\" title=\"PLASTIC INJECTION EXPERTS\" href=\"https:\/\/www.lmplastics.eu\/en\/\">LM PLASTICS<\/a>\u00a0is to ensure product quality and service to our customers.\u00a0 All our products are manufactured under controlled processes in place to meet the requirements of all customers, adapting to the needs.\u00a0 All products are checked by the type of control guidelines established controls the raw material, manufacturing process control, quality control initial, intermediate and final product, machinery control and control of monitoring and measuring equipment .\u00a0 Furthermore\u00a0<a style=\"font-size: 1em;\" title=\"PLASTIC INJECTION EXPERTS\" href=\"https:\/\/www.lmplastics.eu\/en\/\">LM PLASTICS<\/a>\u00a0all its processes made compatible with our environment, trying to minimize the maximum environmental impacts generated by our business\u00a0as well as managing all facilities and jobs to\u00a0minimize risks that workers may suffer.<\/h4>\n<p>&nbsp;<\/p>\n<p style=\"text-align: center;\">\r\n\t\t\t\t<a href=\"https:\/\/www.lmplastics.eu\/quality-policy-and-environment\/\" class=\"btn large btn-inverse\">Company Policy<\/a>\r\n\t<\/p>\n<\/div>\n\n\t\t<\/div> \n\t<\/div> <\/div> \n\t\t<\/div> \n\t<\/div> <\/div> <div class=\"wpb_separator wpb_content_element \"><\/div>\n <div class=\"row-fluid\">\n\t<div class=\"wpb_content_element wpb_single_image span4\">\n\t\t<div class=\"wpb_wrapper\">\n\t\t\t<img src=\"https:\/\/www.lmplastics.eu\/wp-content\/uploads\/2021\/05\/iso-9001-lmplastics-certificado-610x328.jpg\" width=\"610\" height=\"328\" \/>\n\t\t<\/div> \n\t<\/div>  \n\t<div class=\"wpb_content_element span8 column_container\">\n\t\t<div class=\"wpb_wrapper\">\n\t\t\t \n\t<div class=\"wpb_content_element span12 wpb_text_column\">\n\t\t<div class=\"wpb_wrapper\">\n\t\t\t\n<p>&nbsp;<\/p>\n<h3 style=\"text-align: left;\">ISO 9001<\/h3>\n<p style=\"text-align: justify;\">The <b>ISO 9001<\/b>\u00a0<strong>standard<\/strong> enables the company to meet set criteria and certification designed to meet the expectations of customers, trying to establish protocols and guidelines that serve\u00a0<a style=\"font-size: 1em;\" title=\"PLASTIC INJECTION EXPERTS\" href=\"https:\/\/www.lmplastics.eu\/en\/\">LM PLASTICS<\/a>\u00a0to constantly improve and improve the satisfaction of all customers.<\/p>\n<p><a title=\"Ver certificado ISO 9001 vigente\" href=\"\/wp-content\/uploads\/2021\/05\/ISO-9001-lmplastics-certificado.pdf\" target=\"_blank\" rel=\"noopener\">See the valid ISO certificate 9001<\/a><\/p>\n\n\t\t<\/div> \n\t<\/div> <\/div> \n\t\t<\/div> \n\t<\/div>  <div class=\"row-fluid\">\n\t<div class=\"wpb_content_element wpb_single_image span4\">\n\t\t<div class=\"wpb_wrapper\">\n\t\t\t<img src=\"https:\/\/www.lmplastics.eu\/wp-content\/uploads\/2021\/05\/iso-14001-lmplastics-certificado-610x328.jpg\" width=\"610\" height=\"328\" \/>\n\t\t<\/div> \n\t<\/div>  \n\t<div class=\"wpb_content_element span8 column_container\">\n\t\t<div class=\"wpb_wrapper\">\n\t\t\t \n\t<div class=\"wpb_content_element span12 wpb_text_column\">\n\t\t<div class=\"wpb_wrapper\">\n\t\t\t\n<p>&nbsp;<\/p>\n<h3>ISO 14001<\/h3>\n<p style=\"text-align: justify;\"><strong>ISO 14001<\/strong>\u00a0is a standard designed to achieve a balance between maintaining profitability and reducing environmental impacts. Sets sustainable development, while complying with all legal requirements and establishing environmental improvements at all times allowing minimize resource consumption and other environmental impacts.<\/p>\n<p><a title=\"Ver certificado ISO 14001 vigente\" href=\"\/wp-content\/uploads\/2021\/05\/ISO-14001-lmplastics-certificado.pdf\" target=\"_blank\" rel=\"noopener\">See the valid ISO certificate 14001<\/a><\/p>\n\n\t\t<\/div> \n\t<\/div> <\/div> \n\t\t<\/div> \n\t<\/div>  <div class=\"row-fluid\">\n\t<div class=\"wpb_content_element wpb_single_image span4\">\n\t\t<div class=\"wpb_wrapper\">\n\t\t\t<img src=\"https:\/\/www.lmplastics.eu\/wp-content\/uploads\/2021\/05\/iso-22716-lmplastics-certificado-610x328.jpg\" width=\"610\" height=\"328\" \/>\n\t\t<\/div> \n\t<\/div>  \n\t<div class=\"wpb_content_element span8 column_container\">\n\t\t<div class=\"wpb_wrapper\">\n\t\t\t \n\t<div class=\"wpb_content_element span12 wpb_text_column\">\n\t\t<div class=\"wpb_wrapper\">\n\t\t\t\n<p>&nbsp;<\/p>\n<h3>ISO 22716<\/h3>\n<p style=\"text-align: justify;\">LM Pl\u00e0stics is fully involved with the implementation of Good Manufacturing Practices, always making products based on established quality standards that allow us to work in a totally hygienic and adapted to the requirements of the final product. To demonstrate this compliance the company is certified in UNE-EN ISO 22716.<\/p>\n<p><a title=\"See the valid ISO certificate 22716\" \/wp-content\/uploads\/2021\/05\/ISO-22716-lmplastics-certificado.pdf\" target=\"_blank\" rel=\"noopener\">See the valid ISO certificate 22716<\/a><\/p>\n\n\t\t<\/div> \n\t<\/div> <\/div> \n\t\t<\/div> \n\t<\/div>  <div class=\"row-fluid\">\n\t<div class=\"wpb_content_element wpb_single_image span4\">\n\t\t<div class=\"wpb_wrapper\">\n\t\t\t<img src=\"https:\/\/www.lmplastics.eu\/wp-content\/uploads\/2021\/05\/iso-45001-lmplastics-certificado-610x328.jpg\" width=\"610\" height=\"328\" \/>\n\t\t<\/div> \n\t<\/div>  \n\t<div class=\"wpb_content_element span8 column_container\">\n\t\t<div class=\"wpb_wrapper\">\n\t\t\t \n\t<div class=\"wpb_content_element span12 wpb_text_column\">\n\t\t<div class=\"wpb_wrapper\">\n\t\t\t\n<p>&nbsp;<br \/>\n<h3ISO 45001<\/h3>\n<p style=\"text-align: justify;\">LM Pl\u00e0stics is fully involved in prevent and minimize any existing risk for our employees on their workplace. The company is certified with ISO 45001, to ensure that all of our employees execute their tasks with minimal danger and maximal security on the job.<\/p>\n<p><a title=\"See the valid ISO certificate 45001\" href=\"\/wp-content\/uploads\/2021\/05\/ISO-45001-lmplastics-certificado.pdf\" target=\"_blank\" rel=\"noopener\">See the valid ISO certificate 45001<\/a><\/p>\n\n\t\t<\/div> \n\t<\/div> <\/div> \n\t\t<\/div> \n\t<\/div>  <div class=\"row-fluid\">\n\t<div class=\"wpb_content_element wpb_single_image span4\">\n\t\t<div class=\"wpb_wrapper\">\n\t\t\t<img src=\"https:\/\/www.lmplastics.eu\/wp-content\/uploads\/2021\/05\/iso-13485-lmplastics-certificado-500x500.png\" width=\"500\" height=\"500\" \/>\n\t\t<\/div> \n\t<\/div>  \n\t<div class=\"wpb_content_element span8 column_container\">\n\t\t<div class=\"wpb_wrapper\">\n\t\t\t \n\t<div class=\"wpb_content_element span12 wpb_text_column\">\n\t\t<div class=\"wpb_wrapper\">\n\t\t\t\n<p>&nbsp;<\/p>\n<h3>ISO 13485<\/h3>\n<p style=\"text-align: justify;\">La norma ISO 13485 permite cumplir con los requisitos de un sistema de Calidad para la fabricaci\u00f3n de productos sanitarios. Este sistema est\u00e1 basado en unas Buenas Pr\u00e1cticas de Manufactura (BPM) para productos sanitarios, que son un conjunto de normas m\u00ednimas establecidas para la ejecuci\u00f3n de los procedimientos destinados a garantizar la calidad uniforme y satisfactoria de los productos de acuerdo a las caracter\u00edsticas de un dise\u00f1o que debe estar dentro de los limites aceptados y vigentes.<\/p>\n<p><a title=\"See the valid ISO certificate 13485\" href=\"\/wp-content\/uploads\/2021\/05\/ISO-13485-lmplastics-certificado.pdf\" target=\"_blank\" rel=\"noopener\">See the valid ISO certificate 13485<\/a><\/p>\n\n\t\t<\/div> \n\t<\/div> <\/div> \n\t\t<\/div> \n\t<\/div> <\/p>\n","protected":false},"excerpt":{"rendered":"Our constant priority in PLASTIC INJECTION\u00a0LM PLASTICS\u00a0is to ensure product quality and service to our customers.\u00a0 All our products are manufactured under controlled processes in place to meet the requirements of all customers, adapting to the needs.\u00a0 All products are checked by the type of control guidelines established controls the raw material, manufacturing process control, [...]","protected":false},"author":1,"featured_media":0,"parent":0,"menu_order":0,"comment_status":"open","ping_status":"open","template":"","meta":{"footnotes":""},"acf":[],"aioseo_notices":[],"_links":{"self":[{"href":"https:\/\/www.lmplastics.eu\/en\/wp-json\/wp\/v2\/pages\/2174"}],"collection":[{"href":"https:\/\/www.lmplastics.eu\/en\/wp-json\/wp\/v2\/pages"}],"about":[{"href":"https:\/\/www.lmplastics.eu\/en\/wp-json\/wp\/v2\/types\/page"}],"author":[{"embeddable":true,"href":"https:\/\/www.lmplastics.eu\/en\/wp-json\/wp\/v2\/users\/1"}],"replies":[{"embeddable":true,"href":"https:\/\/www.lmplastics.eu\/en\/wp-json\/wp\/v2\/comments?post=2174"}],"version-history":[{"count":69,"href":"https:\/\/www.lmplastics.eu\/en\/wp-json\/wp\/v2\/pages\/2174\/revisions"}],"predecessor-version":[{"id":3211,"href":"https:\/\/www.lmplastics.eu\/en\/wp-json\/wp\/v2\/pages\/2174\/revisions\/3211"}],"wp:attachment":[{"href":"https:\/\/www.lmplastics.eu\/en\/wp-json\/wp\/v2\/media?parent=2174"}],"curies":[{"name":"wp","href":"https:\/\/api.w.org\/{rel}","templated":true}]}}