{"id":2183,"date":"2012-09-12T07:27:42","date_gmt":"2012-09-12T07:27:42","guid":{"rendered":"http:\/\/www.inyeccionplasticos.es\/contacto-2\/"},"modified":"2013-08-09T15:37:47","modified_gmt":"2013-08-09T15:37:47","slug":"contact","status":"publish","type":"page","link":"https:\/\/www.lmplastics.eu\/en\/contact\/","title":{"rendered":"Contact"},"content":{"rendered":"<div class=\"row-fluid\">\n\t<div class=\"wpb_gmaps_widget wpb_content_element span12\">\n\t\t<div class=\"wpb_wrapper\"><div class=\"wpb_map_wraper\"><iframe width=\"100%\" height=\"300\" frameborder=\"0\" scrolling=\"no\" marginheight=\"0\" marginwidth=\"0\" src=\"https:\/\/maps.google.com\/maps?q=41.661845,1.850125&amp;hl=es&amp;ie=UTF8&amp;sll=41.559949,2.002065&amp;sspn=58.206849,114.169922&amp;oq=41.661845,1.850125&amp;t=m&amp;z=13&amp;output=embed\"><\/iframe><\/div>\n\t\t<\/div> \n\t<\/div> <\/div> <div class=\"row-fluid\">\n\t<div class=\"wpb_content_element span8 column_container\">\n\t\t<div class=\"wpb_wrapper\">\n\t\t\t <div class=\"row-fluid\">\n\t<div class=\"wpb_content_element span12 wpb_text_column\">\n\t\t<div class=\"wpb_wrapper\">\n\t\t\t\n<h2>Do you have questions?<\/h2>\n<p>&nbsp;<\/p>\n\n<div class=\"wpcf7 no-js\" id=\"wpcf7-f2701-o1\" lang=\"en-US\" dir=\"ltr\">\n<div class=\"screen-reader-response\"><p role=\"status\" aria-live=\"polite\" aria-atomic=\"true\"><\/p> <ul><\/ul><\/div>\n<form action=\"\/en\/wp-json\/wp\/v2\/pages\/2183#wpcf7-f2701-o1\" method=\"post\" class=\"wpcf7-form init\" aria-label=\"Contact form\" novalidate=\"novalidate\" data-status=\"init\">\n<div style=\"display: none;\">\n<input type=\"hidden\" name=\"_wpcf7\" value=\"2701\" \/>\n<input type=\"hidden\" name=\"_wpcf7_version\" value=\"5.7.7\" \/>\n<input type=\"hidden\" name=\"_wpcf7_locale\" value=\"en_US\" \/>\n<input type=\"hidden\" name=\"_wpcf7_unit_tag\" value=\"wpcf7-f2701-o1\" \/>\n<input type=\"hidden\" name=\"_wpcf7_container_post\" value=\"0\" \/>\n<input type=\"hidden\" name=\"_wpcf7_posted_data_hash\" value=\"\" \/>\n<input type=\"hidden\" name=\"_wpcf7_recaptcha_response\" value=\"\" \/>\n<\/div>\n<p>Your Name *:\n<\/p>\n<p><span class=\"wpcf7-form-control-wrap\" data-name=\"your-name\"><input size=\"40\" class=\"wpcf7-form-control wpcf7-text wpcf7-validates-as-required\" aria-required=\"true\" aria-invalid=\"false\" value=\"\" type=\"text\" name=\"your-name\" \/><\/span>\n<\/p>\n<p>Your Email *:\n<\/p>\n<p><span class=\"wpcf7-form-control-wrap\" data-name=\"your-email\"><input size=\"40\" class=\"wpcf7-form-control wpcf7-text wpcf7-email wpcf7-validates-as-required wpcf7-validates-as-email\" aria-required=\"true\" aria-invalid=\"false\" value=\"\" type=\"email\" name=\"your-email\" \/><\/span>\n<\/p>\n<p>Subject *:\n<\/p>\n<p><span class=\"wpcf7-form-control-wrap\" data-name=\"your-subject\"><input size=\"40\" class=\"wpcf7-form-control wpcf7-text wpcf7-validates-as-required\" aria-required=\"true\" aria-invalid=\"false\" value=\"\" type=\"text\" name=\"your-subject\" \/><\/span>\n<\/p>\n<p>Message*:\n<\/p>\n<p><span class=\"wpcf7-form-control-wrap\" data-name=\"your-message\"><textarea cols=\"40\" rows=\"10\" class=\"wpcf7-form-control wpcf7-textarea wpcf7-validates-as-required\" aria-required=\"true\" aria-invalid=\"false\" name=\"your-message\"><\/textarea><\/span>\n<\/p>\n<p><span class=\"wpcf7-form-control-wrap\" data-name=\"acceptance-631\"><span class=\"wpcf7-form-control wpcf7-acceptance\"><span class=\"wpcf7-list-item\"><label><input type=\"checkbox\" name=\"acceptance-631\" value=\"1\" id=\"acceptcheck\" aria-invalid=\"false\" \/><span class=\"wpcf7-list-item-label\">I accept and understand the <a href=\"\/privacy-policy\/\" title=\"Privacy Policy\" target=\"_blank\" >Privacy Policy<\/a> and I consent to the processing of my personal data.<\/span><\/label><\/span><\/span><\/span>\n<\/p>\n<p><a href=\"#\" title=\"See basic information about data protection\" id=\"info-basica\" >See basic information about data protection <\/a>\n<\/p>\n<div id=\"info-basica-div\" >\n\t<p><br \/>\n<strong>Responsible for the treatment :<\/strong> L\u00c1ZARO MOYA, SL.\n\t<\/p>\n\t<p><strong>Legitimation :<\/strong> The user who submits the form or sends an email to L\u00e1zaro Moya, S.L. You consent to the processing of your personal data.\n\t<\/p>\n\t<p><strong>Finality :<\/strong> The management of the consultations made in this form.\n\t<\/p>\n\t<p><strong>Recipients :<\/strong> The data will not be transferred to third parties, unless established by law.\n\t<\/p>\n\t<p><strong>Rights :<\/strong> You can exercise your rights of access, rectification, portability, limitation, opposition and delete the data by sending a letter addressed to L\u00c1ZARO MOYA, SL or an e-mail to info@lmplastics.eu.\n\t<\/p>\n\t<p><strong>Informaci\u00f3n adicional :<\/strong> You can consult additional and detailed information on data protection in the Privacy Policy of L\u00c1ZARO MOYA, SL.\n\t<\/p>\n<\/div>\n<p><input class=\"wpcf7-form-control has-spinner wpcf7-submit\" type=\"submit\" value=\"Send Message\" \/>\n<\/p><div class=\"wpcf7-response-output\" aria-hidden=\"true\"><\/div>\n<\/form>\n<\/div>\n\n\n\t\t<\/div> \n\t<\/div> <\/div> \n\t\t<\/div> \n\t<\/div>  \n\t<div class=\"wpb_content_element span4 column_container\">\n\t\t<div class=\"wpb_wrapper\">\n\t\t\t <div class=\"row-fluid\">\n\t<div class=\"wpb_content_element span12 wpb_text_column\">\n\t\t<div class=\"wpb_wrapper\">\n\t\t\t\n<h2>Contact details<\/h2>\n<p>&nbsp;<\/p>\n<p>L\u00e1zaro Moya S.L. injection molding experts.<\/p>\n<p><strong>Address:<\/strong> Calle Cal Gravat &#8211; Nave 17 &#8211; Pol\u00edgono Industrial Les Vives &#8211; Sant Vicen\u00e7 de Castellet (08295) &#8211; Barcelona (Espa\u00f1a)<\/p>\n<p><strong>Phone:<\/strong> (34) 938332548<\/p>\n<p><strong>Fax:<\/strong> (34) 938332548<\/p>\n<p><strong>Web:<\/strong> <a title=\"Inicio\" href=\"https:\/\/www.lmplastics.eu\/\" target=\"_blank\">https:\/\/www.lmplastics.eu<\/a><\/p>\n<p><strong>Email:<\/strong> <a href=\"mailto:info@lmplastics.eu\">info@lmplastics.eu<\/a><\/p>\n\n\t\t<\/div> \n\t<\/div> <\/div> \n\t\t<\/div> \n\t<\/div> <\/div>\n","protected":false},"excerpt":{"rendered":"Do you have questions? &nbsp; Your Name *: Your Email *: Subject *: Message*: I accept and understand the Privacy Policy and I consent to the processing of my personal data. See basic information about data protection Responsible for the treatment : L\u00c1ZARO MOYA, SL. Legitimation : The user who submits the form or sends [...]","protected":false},"author":1,"featured_media":0,"parent":0,"menu_order":0,"comment_status":"open","ping_status":"open","template":"","meta":{"footnotes":""},"acf":[],"aioseo_notices":[],"_links":{"self":[{"href":"https:\/\/www.lmplastics.eu\/en\/wp-json\/wp\/v2\/pages\/2183"}],"collection":[{"href":"https:\/\/www.lmplastics.eu\/en\/wp-json\/wp\/v2\/pages"}],"about":[{"href":"https:\/\/www.lmplastics.eu\/en\/wp-json\/wp\/v2\/types\/page"}],"author":[{"embeddable":true,"href":"https:\/\/www.lmplastics.eu\/en\/wp-json\/wp\/v2\/users\/1"}],"replies":[{"embeddable":true,"href":"https:\/\/www.lmplastics.eu\/en\/wp-json\/wp\/v2\/comments?post=2183"}],"version-history":[{"count":50,"href":"https:\/\/www.lmplastics.eu\/en\/wp-json\/wp\/v2\/pages\/2183\/revisions"}],"predecessor-version":[{"id":2758,"href":"https:\/\/www.lmplastics.eu\/en\/wp-json\/wp\/v2\/pages\/2183\/revisions\/2758"}],"wp:attachment":[{"href":"https:\/\/www.lmplastics.eu\/en\/wp-json\/wp\/v2\/media?parent=2183"}],"curies":[{"name":"wp","href":"https:\/\/api.w.org\/{rel}","templated":true}]}}